{"id":28,"date":"2022-02-11T22:58:20","date_gmt":"2022-02-11T22:58:20","guid":{"rendered":"https:\/\/jveservicios.com\/?page_id=28"},"modified":"2022-02-22T20:54:59","modified_gmt":"2022-02-22T20:54:59","slug":"acerca-de","status":"publish","type":"page","link":"https:\/\/jveservicios.com\/index.php\/acerca-de\/","title":{"rendered":"Acerca de"},"content":{"rendered":"<p>[et_pb_section fb_built=&#8221;1&#8243; _builder_version=&#8221;4.14.8&#8243; _module_preset=&#8221;default&#8221; background_image=&#8221;https:\/\/jveservicios.com\/wp-content\/uploads\/2022\/02\/fondo_slide3.jpg&#8221; background_position=&#8221;bottom_center&#8221; border_width_bottom=&#8221;16px&#8221; border_color_bottom=&#8221;#134971&#8243; global_colors_info=&#8221;{}&#8221;][et_pb_row _builder_version=&#8221;4.9.10&#8243; _module_preset=&#8221;default&#8221; global_colors_info=&#8221;{}&#8221;][et_pb_column type=&#8221;4_4&#8243; _builder_version=&#8221;4.9.10&#8243; _module_preset=&#8221;default&#8221; global_colors_info=&#8221;{}&#8221;][et_pb_text _builder_version=&#8221;4.14.7&#8243; _module_preset=&#8221;default&#8221; header_2_font=&#8221;|700|||||||&#8221; header_2_text_color=&#8221;#FFFFFF&#8221; header_2_font_size=&#8221;40px&#8221; header_3_font=&#8221;|||||on|||&#8221; header_3_text_color=&#8221;#FFFFFF&#8221; custom_margin=&#8221;||0px|||&#8221; animation_style=&#8221;slide&#8221; animation_direction=&#8221;right&#8221; animation_intensity_slide=&#8221;10%&#8221; global_colors_info=&#8221;{}&#8221;]<\/p>\n<h2>Acerca de<\/h2>\n<p>[\/et_pb_text][\/et_pb_column][\/et_pb_row][\/et_pb_section][et_pb_section fb_built=&#8221;1&#8243; module_id=&#8221;acercade&#8221; _builder_version=&#8221;4.9.7&#8243; _module_preset=&#8221;default&#8221; use_background_color_gradient=&#8221;on&#8221; background_color_gradient_start=&#8221;rgba(255,255,255,0)&#8221; background_color_gradient_end=&#8221;#ffffff&#8221; background_color_gradient_start_position=&#8221;70%&#8221; background_color_gradient_overlays_image=&#8221;on&#8221; background_image=&#8221;https:\/\/jveservicios.com\/wp-content\/uploads\/2022\/02\/fondo5cuadrosAlpha2.png&#8221; parallax=&#8221;on&#8221; locked=&#8221;off&#8221; global_colors_info=&#8221;{}&#8221;][et_pb_row column_structure=&#8221;1_2,1_2&#8243; _builder_version=&#8221;4.6.6&#8243; _module_preset=&#8221;default&#8221; global_colors_info=&#8221;{}&#8221;][et_pb_column type=&#8221;1_2&#8243; _builder_version=&#8221;4.6.6&#8243; _module_preset=&#8221;default&#8221; global_colors_info=&#8221;{}&#8221;][et_pb_text _builder_version=&#8221;4.14.7&#8243; _module_preset=&#8221;default&#8221; header_2_font=&#8221;|700|||||||&#8221; header_2_font_size=&#8221;40px&#8221; header_3_font=&#8221;|||||on|||&#8221; header_3_text_color=&#8221;#828282&#8243; custom_margin=&#8221;||0px|||&#8221; animation_style=&#8221;slide&#8221; animation_direction=&#8221;right&#8221; animation_intensity_slide=&#8221;10%&#8221; global_colors_info=&#8221;{}&#8221;]<\/p>\n<h3>Con\u00f3ca m\u00e1s<\/h3>\n<h2>Acerca de Servicios JVE<\/h2>\n<p>[\/et_pb_text][et_pb_divider color=&#8221;#e2e2e2&#8243; divider_weight=&#8221;9px&#8221; _builder_version=&#8221;4.9.7&#8243; _module_preset=&#8221;default&#8221; custom_margin=&#8221;||2px|||&#8221; global_colors_info=&#8221;{}&#8221;][\/et_pb_divider][et_pb_text _builder_version=&#8221;4.14.7&#8243; _module_preset=&#8221;default&#8221; header_2_font=&#8221;|700|||||||&#8221; header_2_font_size=&#8221;40px&#8221; header_3_font=&#8221;|||||on|||&#8221; header_3_text_color=&#8221;#828282&#8243; global_colors_info=&#8221;{}&#8221;]<\/p>\n<p>Servicios JVE es una empresa que esta dedicada a brindarle los servicios industriales e ingenier\u00eda en automatizaci\u00f3n, buscando siempre ofrecerle la mejor soluci\u00f3n al menor tiempo y mejor costo posible.<\/p>\n<p style=\"text-align: justify;\">Contamos con la experiencia, personal capacitado y las mejores herramientas para garantizar un servicio profesional y altamente competitivo.<\/p>\n<p>[\/et_pb_text][et_pb_blurb title=&#8221;Misi\u00f3n&#8221; use_icon=&#8221;on&#8221; font_icon=&#8221;&#xe052;||divi||400&#8243; icon_color=&#8221;#1c67a0&#8243; icon_placement=&#8221;left&#8221; _builder_version=&#8221;4.14.7&#8243; _module_preset=&#8221;default&#8221; header_font=&#8221;|700|||||||&#8221; header_font_size=&#8221;20px&#8221; animation_style=&#8221;slide&#8221; animation_direction=&#8221;right&#8221; animation_intensity_slide=&#8221;10%&#8221; global_colors_info=&#8221;{}&#8221; icon_color__hover_enabled=&#8221;on|hover&#8221; icon_color__hover=&#8221;#70293c&#8221;]<\/p>\n<p style=\"text-align: justify;\">Crear valor sostenible entregando excelentes productos, servicios y soluciones, que contribuyan al \u00e9xito de nuestros clientes al:<\/p>\n<ul>\n<li style=\"text-align: justify;\">Maximizar la producci\u00f3n.<\/li>\n<li style=\"text-align: justify;\">Mejorar la eficiencia operacional.<\/li>\n<\/ul>\n<p>[\/et_pb_blurb][et_pb_blurb title=&#8221;Visi\u00f3n&#8221; use_icon=&#8221;on&#8221; font_icon=&#8221;&#xe052;||divi||400&#8243; icon_color=&#8221;#1c67a0&#8243; icon_placement=&#8221;left&#8221; _builder_version=&#8221;4.14.8&#8243; _module_preset=&#8221;default&#8221; header_font=&#8221;|700|||||||&#8221; header_font_size=&#8221;20px&#8221; animation_style=&#8221;slide&#8221; animation_direction=&#8221;right&#8221; animation_intensity_slide=&#8221;10%&#8221; global_colors_info=&#8221;{}&#8221; icon_color__hover=&#8221;#70293c&#8221; icon_color__hover_enabled=&#8221;on|hover&#8221;]<\/p>\n<p style=\"text-align: justify;\">Constituir una empresa l\u00edder en su ramo, a trav\u00e9s de la satisfacci\u00f3n total de nuestros clientes con una constante mejora continua en sus procesos y necesidades.<\/p>\n<p>[\/et_pb_blurb][\/et_pb_column][et_pb_column type=&#8221;1_2&#8243; _builder_version=&#8221;4.6.6&#8243; _module_preset=&#8221;default&#8221; global_colors_info=&#8221;{}&#8221;][et_pb_image src=&#8221;https:\/\/jveservicios.com\/wp-content\/uploads\/2022\/02\/img_btn_acaerca.jpg&#8221; title_text=&#8221;img_btn_acaerca&#8221; show_in_lightbox=&#8221;on&#8221; _builder_version=&#8221;4.14.8&#8243; _module_preset=&#8221;default&#8221; transform_translate_linked__hover=&#8221;off&#8221; animation_style=&#8221;flip&#8221; animation_direction=&#8221;right&#8221; animation_duration=&#8221;1550ms&#8221; hover_enabled=&#8221;0&#8243; border_radii=&#8221;off|30px||30px|&#8221; border_width_all=&#8221;14px&#8221; border_color_all=&#8221;#134971&#8243; box_shadow_style=&#8221;preset3&#8243; box_shadow_color=&#8221;rgba(0,0,0,0.53)&#8221; global_colors_info=&#8221;{}&#8221; transform_styles__hover_enabled=&#8221;off|desktop&#8221; transform_scale__hover_enabled=&#8221;off|desktop&#8221; transform_translate__hover_enabled=&#8221;off|desktop&#8221; transform_rotate__hover_enabled=&#8221;off|desktop&#8221; transform_skew__hover_enabled=&#8221;off|desktop&#8221; transform_origin__hover_enabled=&#8221;off|desktop&#8221; transform_translate__hover=&#8221;0px|-6px&#8221; sticky_enabled=&#8221;0&#8243;][\/et_pb_image][et_pb_image src=&#8221;https:\/\/jveservicios.com\/wp-content\/uploads\/2022\/02\/img_slide2.jpg&#8221; title_text=&#8221;img_slide2&#8243; show_in_lightbox=&#8221;on&#8221; _builder_version=&#8221;4.14.8&#8243; _module_preset=&#8221;default&#8221; transform_translate_linked__hover=&#8221;off&#8221; animation_style=&#8221;flip&#8221; animation_direction=&#8221;right&#8221; animation_duration=&#8221;1550ms&#8221; hover_enabled=&#8221;0&#8243; border_radii=&#8221;off|30px||30px|&#8221; border_width_all=&#8221;14px&#8221; border_color_all=&#8221;#134971&#8243; box_shadow_style=&#8221;preset3&#8243; box_shadow_color=&#8221;rgba(0,0,0,0.53)&#8221; global_colors_info=&#8221;{}&#8221; transform_styles__hover_enabled=&#8221;off|desktop&#8221; transform_scale__hover_enabled=&#8221;off|desktop&#8221; transform_translate__hover=&#8221;0px|-6px&#8221; transform_translate__hover_enabled=&#8221;off|desktop&#8221; transform_rotate__hover_enabled=&#8221;off|desktop&#8221; transform_skew__hover_enabled=&#8221;off|desktop&#8221; transform_origin__hover_enabled=&#8221;off|desktop&#8221; sticky_enabled=&#8221;0&#8243;][\/et_pb_image][\/et_pb_column][\/et_pb_row][\/et_pb_section]<\/p>\n","protected":false},"excerpt":{"rendered":"<p>Acerca deCon\u00f3ca m\u00e1s Acerca de Servicios JVEServicios JVE es una empresa que esta dedicada a brindarle los servicios industriales e ingenier\u00eda en automatizaci\u00f3n, buscando siempre ofrecerle la mejor soluci\u00f3n al menor tiempo y mejor costo posible. Contamos con la experiencia, personal capacitado y las mejores herramientas para garantizar un servicio profesional y altamente competitivo.Crear valor [&hellip;]<\/p>\n","protected":false},"author":1,"featured_media":0,"parent":0,"menu_order":0,"comment_status":"closed","ping_status":"closed","template":"","meta":{"_et_pb_use_builder":"on","_et_pb_old_content":"","_et_gb_content_width":"","footnotes":""},"class_list":["post-28","page","type-page","status-publish","hentry"],"_links":{"self":[{"href":"https:\/\/jveservicios.com\/index.php\/wp-json\/wp\/v2\/pages\/28","targetHints":{"allow":["GET"]}}],"collection":[{"href":"https:\/\/jveservicios.com\/index.php\/wp-json\/wp\/v2\/pages"}],"about":[{"href":"https:\/\/jveservicios.com\/index.php\/wp-json\/wp\/v2\/types\/page"}],"author":[{"embeddable":true,"href":"https:\/\/jveservicios.com\/index.php\/wp-json\/wp\/v2\/users\/1"}],"replies":[{"embeddable":true,"href":"https:\/\/jveservicios.com\/index.php\/wp-json\/wp\/v2\/comments?post=28"}],"version-history":[{"count":6,"href":"https:\/\/jveservicios.com\/index.php\/wp-json\/wp\/v2\/pages\/28\/revisions"}],"predecessor-version":[{"id":224,"href":"https:\/\/jveservicios.com\/index.php\/wp-json\/wp\/v2\/pages\/28\/revisions\/224"}],"wp:attachment":[{"href":"https:\/\/jveservicios.com\/index.php\/wp-json\/wp\/v2\/media?parent=28"}],"curies":[{"name":"wp","href":"https:\/\/api.w.org\/{rel}","templated":true}]}}